

{"id":126,"date":"2021-08-31T09:43:13","date_gmt":"2021-08-31T07:43:13","guid":{"rendered":"https:\/\/tremolo.irisa.fr\/?page_id=126"},"modified":"2022-08-19T14:14:15","modified_gmt":"2022-08-19T12:14:15","slug":"tremolo-tweets-corpus","status":"publish","type":"page","link":"http:\/\/tremolo.irisa.fr\/fr\/tremolo-tweets-corpus\/","title":{"rendered":"Corpus TREMoLo-Tweets"},"content":{"rendered":"<p><strong>TREMoLo-Tweets<\/strong> est un vaste corpus de tweets en fran\u00e7ais annot\u00e9s en registres de langue familier, courant et soutenu. Le corpus annot\u00e9contient 228 505 tweets pour un total de 6 millions de mots. Les annotations ont \u00e9t\u00e9 produite par un classificateur CamemBERT affin\u00e9 sur une graine annot\u00e9e manuellement. Le corpus contient \u00e9galement des descripteurs linguistiques qui peuvent aider \u00e0 analyser la notion de registres.<\/p>\n<p><a href=\"https:\/\/repository.ortolang.fr\/api\/content\/tremolo-tweets\/head\/\">T\u00c9L\u00c9CHARGER<\/a><\/p>","protected":false},"excerpt":{"rendered":"<p>TREMoLo-Tweets est un vaste corpus de tweets en fran\u00e7ais annot\u00e9s en registres de langue familier, courant et soutenu. Le corpus annot\u00e9contient 228 505 tweets pour un total de 6 millions de mots. Les annotations ont \u00e9t\u00e9 produite par un classificateur CamemBERT affin\u00e9 sur une graine annot\u00e9e manuellement. Le corpus contient\u2026<\/p>\n<p> <a class=\"continue-reading-link\" href=\"http:\/\/tremolo.irisa.fr\/fr\/tremolo-tweets-corpus\/\"><span><\/span><i class=\"crycon-right-dir\"><\/i><\/a> <\/p>\n","protected":false},"author":1285,"featured_media":0,"parent":0,"menu_order":0,"comment_status":"closed","ping_status":"closed","template":"","meta":{"footnotes":""},"class_list":["post-126","page","type-page","status-publish","hentry"],"_links":{"self":[{"href":"http:\/\/tremolo.irisa.fr\/fr\/wp-json\/wp\/v2\/pages\/126","targetHints":{"allow":["GET"]}}],"collection":[{"href":"http:\/\/tremolo.irisa.fr\/fr\/wp-json\/wp\/v2\/pages"}],"about":[{"href":"http:\/\/tremolo.irisa.fr\/fr\/wp-json\/wp\/v2\/types\/page"}],"author":[{"embeddable":true,"href":"http:\/\/tremolo.irisa.fr\/fr\/wp-json\/wp\/v2\/users\/1285"}],"replies":[{"embeddable":true,"href":"http:\/\/tremolo.irisa.fr\/fr\/wp-json\/wp\/v2\/comments?post=126"}],"version-history":[{"count":9,"href":"http:\/\/tremolo.irisa.fr\/fr\/wp-json\/wp\/v2\/pages\/126\/revisions"}],"predecessor-version":[{"id":167,"href":"http:\/\/tremolo.irisa.fr\/fr\/wp-json\/wp\/v2\/pages\/126\/revisions\/167"}],"wp:attachment":[{"href":"http:\/\/tremolo.irisa.fr\/fr\/wp-json\/wp\/v2\/media?parent=126"}],"curies":[{"name":"wp","href":"https:\/\/api.w.org\/{rel}","templated":true}]}}